{"id":2060,"date":"2025-03-31T13:12:01","date_gmt":"2025-03-31T11:12:01","guid":{"rendered":"https:\/\/lome.legal\/for-shareholders\/"},"modified":"2025-05-13T13:21:29","modified_gmt":"2025-05-13T11:21:29","slug":"for-shareholders","status":"publish","type":"page","link":"https:\/\/lome.legal\/en\/for-shareholders\/","title":{"rendered":"For Shareholders"},"content":{"rendered":"\t\t<div data-elementor-type=\"wp-page\" data-elementor-id=\"2060\" class=\"elementor elementor-2060 elementor-868\" data-elementor-post-type=\"page\">\n\t\t\t\t<div class=\"elementor-element elementor-element-98fa287 e-flex e-con-boxed e-con e-parent\" data-id=\"98fa287\" data-element_type=\"container\" data-e-type=\"container\" data-settings=\"{&quot;background_background&quot;:&quot;classic&quot;}\">\n\t\t\t\t\t<div class=\"e-con-inner\">\n\t\t\t\t<div class=\"elementor-element elementor-element-81b762a elementor-widget__width-initial elementor-widget-tablet__width-inherit elementor-invisible elementor-widget elementor-widget-heading\" data-id=\"81b762a\" data-element_type=\"widget\" data-e-type=\"widget\" data-settings=\"{&quot;_animation&quot;:&quot;fadeInUp&quot;,&quot;_animation_delay&quot;:100}\" data-widget_type=\"heading.default\">\n\t\t\t\t\t<h1 class=\"elementor-heading-title elementor-size-default\">For Shareholders<\/h1>\t\t\t\t<\/div>\n\t\t\t\t\t<\/div>\n\t\t\t\t<\/div>\n\t\t<div class=\"elementor-element elementor-element-38f7319 e-flex e-con-boxed e-con e-parent\" data-id=\"38f7319\" data-element_type=\"container\" data-e-type=\"container\">\n\t\t\t\t\t<div class=\"e-con-inner\">\n\t\t\t\t<div class=\"elementor-element elementor-element-7836958 elementor-widget elementor-widget-text-editor\" data-id=\"7836958\" data-element_type=\"widget\" data-e-type=\"widget\" data-widget_type=\"text-editor.default\">\n\t\t\t\t\t\t\t\t\t<p><strong>Dla akcjonariuszy LO:ME<\/strong><\/p><p>Oddajemy w r\u0119ce akcjonariuszy Austen-Palicka, Dargas-Draganik, Kluczek-Koll\u00e1r Kancelaria Radcowska Sp\u00f3\u0142ka Komandytowo-Akcyjna specjalne miejsce na naszej stronie internetowej, na kt\u00f3rym b\u0119dziemy publikowa\u0107 og\u0142oszenia wymagane prawem oraz naszym statutem i skierowane do akcjonariuszy sp\u00f3\u0142ki.<\/p>\t\t\t\t\t\t\t\t<\/div>\n\t\t\t\t\t<\/div>\n\t\t\t\t<\/div>\n\t\t<div class=\"elementor-element elementor-element-2d3957b e-flex e-con-boxed e-con e-parent\" data-id=\"2d3957b\" data-element_type=\"container\" data-e-type=\"container\" data-settings=\"{&quot;background_background&quot;:&quot;gradient&quot;}\">\n\t\t\t\t\t<div class=\"e-con-inner\">\n\t\t\t\t<div class=\"elementor-element elementor-element-ea18231 elementor-widget elementor-widget-image\" data-id=\"ea18231\" data-element_type=\"widget\" data-e-type=\"widget\" data-widget_type=\"image.default\">\n\t\t\t\t\t\t\t\t\t\t\t\t\t\t\t<img decoding=\"async\" width=\"1\" height=\"1\" src=\"https:\/\/lome.legal\/wp-content\/uploads\/2025\/03\/Lome_logo_3.svg\" class=\"attachment-large size-large wp-image-85\" alt=\"\" \/>\t\t\t\t\t\t\t\t\t\t\t\t\t\t\t<\/div>\n\t\t\t\t<div class=\"elementor-element elementor-element-9a6b996 elementor-widget__width-initial elementor-widget elementor-widget-heading\" data-id=\"9a6b996\" data-element_type=\"widget\" data-e-type=\"widget\" data-widget_type=\"heading.default\">\n\t\t\t\t\t<h2 class=\"elementor-heading-title elementor-size-default\">Wieloletnie do\u015bwiadczenie w \u015bwiadczeniu us\u0142ug doradztwa prawnego<\/h2>\t\t\t\t<\/div>\n\t\t\t\t<div class=\"elementor-element elementor-element-fec51c1 elementor-align-center elementor-mobile-align-justify elementor-widget elementor-widget-button\" data-id=\"fec51c1\" data-element_type=\"widget\" data-e-type=\"widget\" data-settings=\"{&quot;_animation&quot;:&quot;none&quot;,&quot;_animation_delay&quot;:500}\" data-widget_type=\"button.default\">\n\t\t\t\t\t\t\t\t\t\t<a class=\"elementor-button elementor-button-link elementor-size-sm\" href=\"https:\/\/lome.legal\/en\/contact\/\">\n\t\t\t\t\t\t<span class=\"elementor-button-content-wrapper\">\n\t\t\t\t\t\t\t\t\t<span class=\"elementor-button-text\">Contact<\/span>\n\t\t\t\t\t<\/span>\n\t\t\t\t\t<\/a>\n\t\t\t\t\t\t\t\t<\/div>\n\t\t\t\t\t<\/div>\n\t\t\t\t<\/div>\n\t\t\t\t<\/div>\n\t\t","protected":false},"excerpt":{"rendered":"<p>Dla akcjonariuszy LO:ME Oddajemy w r\u0119ce akcjonariuszy Austen-Palicka, Dargas-Draganik, Kluczek-Koll\u00e1r Kancelaria Radcowska Sp\u00f3\u0142ka Komandytowo-Akcyjna specjalne miejsce na naszej stronie internetowej, na kt\u00f3rym b\u0119dziemy publikowa\u0107 og\u0142oszenia wymagane prawem oraz naszym statutem i skierowane do akcjonariuszy sp\u00f3\u0142ki. Wieloletnie do\u015bwiadczenie w \u015bwiadczeniu us\u0142ug doradztwa prawnego Contact<\/p>\n","protected":false},"author":1,"featured_media":0,"parent":0,"menu_order":0,"comment_status":"closed","ping_status":"closed","template":"","meta":{"footnotes":""},"class_list":["post-2060","page","type-page","status-publish","hentry"],"_links":{"self":[{"href":"https:\/\/lome.legal\/en\/wp-json\/wp\/v2\/pages\/2060","targetHints":{"allow":["GET"]}}],"collection":[{"href":"https:\/\/lome.legal\/en\/wp-json\/wp\/v2\/pages"}],"about":[{"href":"https:\/\/lome.legal\/en\/wp-json\/wp\/v2\/types\/page"}],"author":[{"embeddable":true,"href":"https:\/\/lome.legal\/en\/wp-json\/wp\/v2\/users\/1"}],"replies":[{"embeddable":true,"href":"https:\/\/lome.legal\/en\/wp-json\/wp\/v2\/comments?post=2060"}],"version-history":[{"count":3,"href":"https:\/\/lome.legal\/en\/wp-json\/wp\/v2\/pages\/2060\/revisions"}],"predecessor-version":[{"id":2189,"href":"https:\/\/lome.legal\/en\/wp-json\/wp\/v2\/pages\/2060\/revisions\/2189"}],"wp:attachment":[{"href":"https:\/\/lome.legal\/en\/wp-json\/wp\/v2\/media?parent=2060"}],"curies":[{"name":"wp","href":"https:\/\/api.w.org\/{rel}","templated":true}]}}